{"id":1432,"date":"2021-09-16T07:27:20","date_gmt":"2021-09-16T07:27:20","guid":{"rendered":"https:\/\/ratera.com\/ratera-in-the-world\/"},"modified":"2024-10-11T13:11:28","modified_gmt":"2024-10-11T11:11:28","slug":"ratera-in-the-world","status":"publish","type":"page","link":"https:\/\/ratera.com\/en\/contact\/ratera-in-the-world\/","title":{"rendered":"Ratera in the world"},"content":{"rendered":"<section class=\"l-section wpb_row height_small color_alternate\"><div class=\"l-section-h i-cf\"><div class=\"g-cols vc_row via_flex valign_top type_default stacking_default\"><div class=\"vc_col-sm-12 wpb_column vc_column_container\"><div class=\"vc_column-inner\"><div class=\"wpb_wrapper\"><h1 class=\"w-post-elm post_title us_custom_9465ce2d align_left entry-title color_link_inherit\">Ratera in the world<\/h1><\/div><\/div><\/div><\/div><\/div><\/section><section class=\"l-section wpb_row height_auto width_full\"><div class=\"l-section-h i-cf\"><div class=\"g-cols vc_row via_flex valign_top type_default stacking_default\"><div class=\"vc_col-sm-12 wpb_column vc_column_container\"><div class=\"vc_column-inner\"><div class=\"wpb_wrapper\"><div class=\"wpb_text_column\"><div class=\"wpb_wrapper\"><style type=\"text\/css\">\n.asl-cont .sl-direction,.asl-cont .s-direction, .asl-buttons .directions {display: none !important;}.asl-p-cont .asl-print-btn,.asl-cont .asl-print-btn {display: none !important;}.asl-cont .onoffswitch .onoffswitch-label .onoffswitch-switch:before {\n    content: \"OPEN\" !important;\n}\n\n.asl-cont .onoffswitch .onoffswitch-label .onoffswitch-switch:after {\n    content: \"ALL\" !important;\n}\n\n@media (max-width: 767px) {\n    #asl-storelocator.asl-cont .asl-panel {\n        order: 2;\n    }\n}\n\n.asl-cont.sl-search-only .Filter_section+.sl-row {\n    display: none;\n}\n<\/style>\n<div id=\"asl-storelocator\"\n    class=\"storelocator-main asl-cont asl-template-0 asl-layout-0 asl-bg-0 full-width no-asl-filters full-height asl-text-1\">\n    <div class=\"asl-wrapper\">\n        <div class=\"sl-container-fluid\">\n\n                        <div class=\"sl-row\">\n                <div class=\"pol-12\">\n                    <div class=\"sl-main-cont\">\n                        <div class=\"sl-row no-gutters sl-main-row\">\n                            <div id=\"asl-panel\" class=\"asl-panel pol-md-5 pol-lg-4 asl_locator-panel\">\n                                <div class=\"asl-overlay\" id=\"map-loading\">\n                                    <div class=\"white\"><\/div>\n                                    <div class=\"sl-loading\">\n                                        <i class=\"animate-sl-spin icon-spin3\"><\/i>\n                                        Loading...                                    <\/div>\n                                <\/div>\n                                <div class=\"inside search_filter\">\n                                    <label for=\"auto-complete-search\"\n                                        class=\"mb-2\">Ubicaci\u00f3n de b\u00fasqueda<\/label>\n                                    <div class=\"asl-store-search input-group d-flex\">\n                                        <input type=\"text\" value=\"\" id=\"auto-complete-search\"\n                                            class=\"asl-search-address form-control\"\n                                            placeholder=\"Ingrese una ubicaci\u00f3n\">\n                                        <div class=\"input-group-append\">\n                                            <button aria-label=\"Ubicaci\u00f3n de b\u00fasqueda\"\n                                                title=\"Ubicaci\u00f3n de b\u00fasqueda\" type=\"button\" class=\"asl-search-event input-group-text span-geo\">\n                                                <i class=\"icon-search\" aria-hidden=\"true\"><\/i>\n                                            <\/button>\n                                        <\/div>\n                                    <\/div>\n                                <\/div>\n                                <!-- list -->\n                                <div class=\"asl-panel-inner\">\n                                    <div class=\"top-title Num_of_store\">\n                                        <span><span\n                                                class=\"sl-head-title\">Number Of Shops<\/span>:\n                                            <span class=\"count-result\">0<\/span><\/span>\n                                                                                <a class=\"asl-print-btn\"><span>PRINT<\/span><span\n                                                class=\"asl-print\"><\/span><\/a>\n                                                                            <\/div>\n                                    <div class=\"sl-main-cont-box\">\n                                        <div id=\"asl-list\" class=\"sl-list-wrapper\">\n                                            <ul id=\"p-statelist\" class=\"sl-list\">\n                                            <\/ul>\n                                        <\/div>\n                                    <\/div>\n                                <\/div>\n\n                                <div class=\"directions-cont hide\">\n                                    <div class=\"agile-modal-header\">\n                                        <button type=\"button\" class=\"close\"><span aria-hidden=\"true\">\u00d7<\/span><\/button>\n                                        <h4>Store Direction<\/h4>\n                                    <\/div>\n                                    <div class=\"rendered-directions\" id=\"asl-rendered-dir\" style=\"direction: ltr;\">\n                                    <\/div>\n                                <\/div>\n                            <\/div>\n                            <div class=\"pol-md-7 pol-lg-8 asl-map\">\n                                <div class=\"map-image\">\n                                    <div id=\"asl-map-canv\" class=\"asl-map-canv\"><\/div>\n                                    <div id=\"agile-modal-direction\" class=\"agile-modal fade\">\n    <div class=\"agile-modal-backdrop-in\"><\/div>\n    <div class=\"agile-modal-dialog in\">\n        <div class=\"agile-modal-content\">\n            <div class=\"sl-form-group d-flex justify-content-between\">\n                <h4>GET DIRECTIONS<\/h4>\n                <button type=\"button\" class=\"close-directions sl-close\" data-dismiss=\"agile-modal\"\n                    aria-label=\"Close\"><i aria-hidden=\"true\" class=\"icon-cancel-1\"><\/i><\/button>\n            <\/div>\n            <div class=\"sl-form-group\">\n                <label for=\"frm-lbl\">From:<\/label>\n                <input type=\"text\" class=\"form-control frm-place\" id=\"frm-lbl\"\n                    placeholder=\"Ingrese una ubicaci\u00f3n\">\n            <\/div>\n            <div class=\"sl-form-group\">\n                <label for=\"to-lbl\">To:<\/label>\n                <input readonly=\"true\" type=\"text\" class=\"directions-to form-control\" id=\"to-lbl\"\n                    placeholder=\"Prepopulated Destination Address\">\n            <\/div>\n            <div class=\"sl-form-group mb-0\">\n                <label for=\"rbtn-km\" class=\"checkbox-inline\">\n                    <input type=\"radio\" name=\"dist-type\" id=\"rbtn-km\" value=\"0\"> Km                <\/label>\n                <label for=\"rbtn-mile\" class=\"checkbox-inline\">\n                    <input type=\"radio\" name=\"dist-type\" checked id=\"rbtn-mile\" value=\"1\">\n                    Miles                <\/label>\n            <\/div>\n            <div class=\"sl-form-group mb-0\">\n                <button type=\"submit\" aria-label=\"GET DIRECTIONS\"\n                    class=\"btn btn-default btn-submit\">GET DIRECTIONS<\/button>\n            <\/div>\n        <\/div>\n    <\/div>\n<\/div>\n\n<div id=\"asl-geolocation-agile-modal\" class=\"agile-modal fade\">\n    <div class=\"agile-modal-backdrop-in\"><\/div>\n    <div class=\"agile-modal-dialog in\">\n        <div class=\"agile-modal-content\">\n                          <div class=\"sl-form-group sl-icon-group\">\n              <button type=\"button\" class=\"close-directions sl-close\" data-dismiss=\"agile-modal\"\n                    aria-label=\"Close\"><i aria-hidden=\"true\" class=\"icon-cancel-1\"><\/i><\/button>\n                <div class=\"sl-loct-icon\">\n                    <svg xmlns=\"http:\/\/www.w3.org\/2000\/svg\" width=\"28\" height=\"28\" viewBox=\"0 0 24 24\" fill=\"none\"\n                        stroke=\"currentColor\" stroke-width=\"2\" stroke-linecap=\"round\" stroke-linejoin=\"round\">\n                        <path\n                            d=\"M20 10c0 4.993-5.539 10.193-7.399 11.799a1 1 0 0 1-1.202 0C9.539 20.193 4 14.993 4 10a8 8 0 0 1 16 0\">\n                        <\/path>\n                        <circle cx=\"12\" cy=\"10\" r=\"3\"><\/circle>\n                    <\/svg>\n                <\/div>\n                <h2>Find Nearby Service Providers<\/h2>\n                <p>Use my location to find the closest Service Provider near me<\/p>\n            <\/div>\n            <div class=\"sl-form-group text-center mb-0\">\n                <button type=\"button\" id=\"asl-btn-geolocation\"\n                    class=\"btn btn-block btn-default\">USE LOCATION<\/button>\n            <\/div>\n                    <\/div>\n    <\/div>\n<\/div>\n\n<div id=\"asl-desc-agile-modal\" class=\"agile-modal fade\">\n    <div class=\"agile-modal-backdrop-in\"><\/div>\n    <div class=\"agile-modal-dialog in\">\n        <div class=\"agile-modal-content\">\n            <div class=\"sl-row\">\n                <div class=\"pol-md-12\">\n                    <div class=\"sl-form-group d-flex justify-content-between\">\n                        <h4 class=\"sl-title\">View Description<\/h4>\n                        <button type=\"button\" class=\"close-directions sl-close\" data-dismiss=\"agile-modal\"\n                            aria-label=\"Close\"><i aria-hidden=\"true\" class=\"icon-cancel-1\"><\/i><\/button>\n                    <\/div>\n                    <div class=\"sl-desc\"><\/div>\n                <\/div>\n            <\/div>\n        <\/div>\n    <\/div>\n<\/div>                                <\/div>\n                            <\/div>\n                        <\/div>\n                    <\/div>\n                <\/div>\n            <\/div>\n        <\/div>\n    <\/div>\n<\/div>\n<!-- This plugin is developed by \"Agile Store Locator for WordPress\" https:\/\/agilestorelocator.com -->\n<\/div><\/div><\/div><\/div><\/div><\/div><\/div><\/section>\n","protected":false},"excerpt":{"rendered":"Ratera in the world Loading... Ubicaci\u00f3n de b\u00fasqueda Number Of Shops: 0 PRINT \u00d7 Store Direction GET DIRECTIONS From: To: Km Miles GET DIRECTIONS Find Nearby Service Providers Use my location to find the closest Service Provider near me USE LOCATION View Description","protected":false},"author":3,"featured_media":8590,"parent":6304,"menu_order":94,"comment_status":"closed","ping_status":"closed","template":"","meta":{"footnotes":""},"class_list":["post-1432","page","type-page","status-publish","has-post-thumbnail","hentry"],"yoast_head":"<!-- This site is optimized with the Yoast SEO plugin v27.5 - https:\/\/yoast.com\/product\/yoast-seo-wordpress\/ -->\n<title>Ratera in the world - Ratera<\/title>\n<meta name=\"description\" content=\"Find out in which countries we are located.\" \/>\n<meta name=\"robots\" content=\"index, follow, max-snippet:-1, max-image-preview:large, max-video-preview:-1\" \/>\n<link rel=\"canonical\" href=\"https:\/\/ratera.com\/en\/contact\/ratera-in-the-world\/\" \/>\n<meta property=\"og:locale\" content=\"en_US\" \/>\n<meta property=\"og:type\" content=\"article\" \/>\n<meta property=\"og:title\" content=\"Ratera in the world - Ratera\" \/>\n<meta property=\"og:description\" content=\"Find out in which countries we are located.\" \/>\n<meta property=\"og:url\" content=\"https:\/\/ratera.com\/en\/contact\/ratera-in-the-world\/\" \/>\n<meta property=\"og:site_name\" content=\"Ratera\" \/>\n<meta property=\"article:modified_time\" content=\"2024-10-11T11:11:28+00:00\" \/>\n<meta property=\"og:image\" content=\"https:\/\/ratera.com\/wp-content\/uploads\/2024\/09\/ratera-en-el-mundo-home.jpg\" \/>\n\t<meta property=\"og:image:width\" content=\"700\" \/>\n\t<meta property=\"og:image:height\" content=\"394\" \/>\n\t<meta property=\"og:image:type\" content=\"image\/jpeg\" \/>\n<meta name=\"twitter:card\" content=\"summary_large_image\" \/>\n<meta name=\"twitter:label1\" content=\"Est. reading time\" \/>\n\t<meta name=\"twitter:data1\" content=\"1 minute\" \/>\n<script type=\"application\/ld+json\" class=\"yoast-schema-graph\">{\"@context\":\"https:\\\/\\\/schema.org\",\"@graph\":[{\"@type\":\"WebPage\",\"@id\":\"https:\\\/\\\/ratera.com\\\/en\\\/contact\\\/ratera-in-the-world\\\/\",\"url\":\"https:\\\/\\\/ratera.com\\\/en\\\/contact\\\/ratera-in-the-world\\\/\",\"name\":\"Ratera in the world - Ratera\",\"isPartOf\":{\"@id\":\"https:\\\/\\\/ratera.com\\\/en\\\/#website\"},\"primaryImageOfPage\":{\"@id\":\"https:\\\/\\\/ratera.com\\\/en\\\/contact\\\/ratera-in-the-world\\\/#primaryimage\"},\"image\":{\"@id\":\"https:\\\/\\\/ratera.com\\\/en\\\/contact\\\/ratera-in-the-world\\\/#primaryimage\"},\"thumbnailUrl\":\"https:\\\/\\\/ratera.com\\\/wp-content\\\/uploads\\\/2024\\\/09\\\/ratera-en-el-mundo-home.jpg\",\"datePublished\":\"2021-09-16T07:27:20+00:00\",\"dateModified\":\"2024-10-11T11:11:28+00:00\",\"description\":\"Find out in which countries we are located.\",\"breadcrumb\":{\"@id\":\"https:\\\/\\\/ratera.com\\\/en\\\/contact\\\/ratera-in-the-world\\\/#breadcrumb\"},\"inLanguage\":\"en-US\",\"potentialAction\":[{\"@type\":\"ReadAction\",\"target\":[\"https:\\\/\\\/ratera.com\\\/en\\\/contact\\\/ratera-in-the-world\\\/\"]}]},{\"@type\":\"ImageObject\",\"inLanguage\":\"en-US\",\"@id\":\"https:\\\/\\\/ratera.com\\\/en\\\/contact\\\/ratera-in-the-world\\\/#primaryimage\",\"url\":\"https:\\\/\\\/ratera.com\\\/wp-content\\\/uploads\\\/2024\\\/09\\\/ratera-en-el-mundo-home.jpg\",\"contentUrl\":\"https:\\\/\\\/ratera.com\\\/wp-content\\\/uploads\\\/2024\\\/09\\\/ratera-en-el-mundo-home.jpg\",\"width\":700,\"height\":394},{\"@type\":\"BreadcrumbList\",\"@id\":\"https:\\\/\\\/ratera.com\\\/en\\\/contact\\\/ratera-in-the-world\\\/#breadcrumb\",\"itemListElement\":[{\"@type\":\"ListItem\",\"position\":1,\"name\":\"Portada\",\"item\":\"https:\\\/\\\/ratera.com\\\/en\\\/\"},{\"@type\":\"ListItem\",\"position\":2,\"name\":\"Contact\",\"item\":\"https:\\\/\\\/ratera.com\\\/en\\\/contact\\\/\"},{\"@type\":\"ListItem\",\"position\":3,\"name\":\"Ratera in the world\"}]},{\"@type\":\"WebSite\",\"@id\":\"https:\\\/\\\/ratera.com\\\/en\\\/#website\",\"url\":\"https:\\\/\\\/ratera.com\\\/en\\\/\",\"name\":\"Ratera Braiding Machines\",\"description\":\"Manufacturing braiding machines\",\"publisher\":{\"@id\":\"https:\\\/\\\/ratera.com\\\/en\\\/#organization\"},\"alternateName\":\"Ratera\",\"potentialAction\":[{\"@type\":\"SearchAction\",\"target\":{\"@type\":\"EntryPoint\",\"urlTemplate\":\"https:\\\/\\\/ratera.com\\\/en\\\/?s={search_term_string}\"},\"query-input\":{\"@type\":\"PropertyValueSpecification\",\"valueRequired\":true,\"valueName\":\"search_term_string\"}}],\"inLanguage\":\"en-US\"},{\"@type\":\"Organization\",\"@id\":\"https:\\\/\\\/ratera.com\\\/en\\\/#organization\",\"name\":\"RATERA\",\"alternateName\":\"RATERA Braiding Machines\",\"url\":\"https:\\\/\\\/ratera.com\\\/en\\\/\",\"logo\":{\"@type\":\"ImageObject\",\"inLanguage\":\"en-US\",\"@id\":\"https:\\\/\\\/ratera.com\\\/en\\\/#\\\/schema\\\/logo\\\/image\\\/\",\"url\":\"https:\\\/\\\/ratera.com\\\/wp-content\\\/uploads\\\/2024\\\/09\\\/logo-ratera-boxed.png\",\"contentUrl\":\"https:\\\/\\\/ratera.com\\\/wp-content\\\/uploads\\\/2024\\\/09\\\/logo-ratera-boxed.png\",\"width\":696,\"height\":696,\"caption\":\"RATERA\"},\"image\":{\"@id\":\"https:\\\/\\\/ratera.com\\\/en\\\/#\\\/schema\\\/logo\\\/image\\\/\"},\"sameAs\":[\"https:\\\/\\\/www.linkedin.com\\\/company\\\/talleres-ratera-sa\\\/\",\"https:\\\/\\\/www.youtube.com\\\/channel\\\/UCQXYIic6hQtJxVh5mi0VQ-Q\"]}]}<\/script>\n<!-- \/ Yoast SEO plugin. -->","yoast_head_json":{"title":"Ratera in the world - Ratera","description":"Find out in which countries we are located.","robots":{"index":"index","follow":"follow","max-snippet":"max-snippet:-1","max-image-preview":"max-image-preview:large","max-video-preview":"max-video-preview:-1"},"canonical":"https:\/\/ratera.com\/en\/contact\/ratera-in-the-world\/","og_locale":"en_US","og_type":"article","og_title":"Ratera in the world - Ratera","og_description":"Find out in which countries we are located.","og_url":"https:\/\/ratera.com\/en\/contact\/ratera-in-the-world\/","og_site_name":"Ratera","article_modified_time":"2024-10-11T11:11:28+00:00","og_image":[{"width":700,"height":394,"url":"https:\/\/ratera.com\/wp-content\/uploads\/2024\/09\/ratera-en-el-mundo-home.jpg","type":"image\/jpeg"}],"twitter_card":"summary_large_image","twitter_misc":{"Est. reading time":"1 minute"},"schema":{"@context":"https:\/\/schema.org","@graph":[{"@type":"WebPage","@id":"https:\/\/ratera.com\/en\/contact\/ratera-in-the-world\/","url":"https:\/\/ratera.com\/en\/contact\/ratera-in-the-world\/","name":"Ratera in the world - Ratera","isPartOf":{"@id":"https:\/\/ratera.com\/en\/#website"},"primaryImageOfPage":{"@id":"https:\/\/ratera.com\/en\/contact\/ratera-in-the-world\/#primaryimage"},"image":{"@id":"https:\/\/ratera.com\/en\/contact\/ratera-in-the-world\/#primaryimage"},"thumbnailUrl":"https:\/\/ratera.com\/wp-content\/uploads\/2024\/09\/ratera-en-el-mundo-home.jpg","datePublished":"2021-09-16T07:27:20+00:00","dateModified":"2024-10-11T11:11:28+00:00","description":"Find out in which countries we are located.","breadcrumb":{"@id":"https:\/\/ratera.com\/en\/contact\/ratera-in-the-world\/#breadcrumb"},"inLanguage":"en-US","potentialAction":[{"@type":"ReadAction","target":["https:\/\/ratera.com\/en\/contact\/ratera-in-the-world\/"]}]},{"@type":"ImageObject","inLanguage":"en-US","@id":"https:\/\/ratera.com\/en\/contact\/ratera-in-the-world\/#primaryimage","url":"https:\/\/ratera.com\/wp-content\/uploads\/2024\/09\/ratera-en-el-mundo-home.jpg","contentUrl":"https:\/\/ratera.com\/wp-content\/uploads\/2024\/09\/ratera-en-el-mundo-home.jpg","width":700,"height":394},{"@type":"BreadcrumbList","@id":"https:\/\/ratera.com\/en\/contact\/ratera-in-the-world\/#breadcrumb","itemListElement":[{"@type":"ListItem","position":1,"name":"Portada","item":"https:\/\/ratera.com\/en\/"},{"@type":"ListItem","position":2,"name":"Contact","item":"https:\/\/ratera.com\/en\/contact\/"},{"@type":"ListItem","position":3,"name":"Ratera in the world"}]},{"@type":"WebSite","@id":"https:\/\/ratera.com\/en\/#website","url":"https:\/\/ratera.com\/en\/","name":"Ratera Braiding Machines","description":"Manufacturing braiding machines","publisher":{"@id":"https:\/\/ratera.com\/en\/#organization"},"alternateName":"Ratera","potentialAction":[{"@type":"SearchAction","target":{"@type":"EntryPoint","urlTemplate":"https:\/\/ratera.com\/en\/?s={search_term_string}"},"query-input":{"@type":"PropertyValueSpecification","valueRequired":true,"valueName":"search_term_string"}}],"inLanguage":"en-US"},{"@type":"Organization","@id":"https:\/\/ratera.com\/en\/#organization","name":"RATERA","alternateName":"RATERA Braiding Machines","url":"https:\/\/ratera.com\/en\/","logo":{"@type":"ImageObject","inLanguage":"en-US","@id":"https:\/\/ratera.com\/en\/#\/schema\/logo\/image\/","url":"https:\/\/ratera.com\/wp-content\/uploads\/2024\/09\/logo-ratera-boxed.png","contentUrl":"https:\/\/ratera.com\/wp-content\/uploads\/2024\/09\/logo-ratera-boxed.png","width":696,"height":696,"caption":"RATERA"},"image":{"@id":"https:\/\/ratera.com\/en\/#\/schema\/logo\/image\/"},"sameAs":["https:\/\/www.linkedin.com\/company\/talleres-ratera-sa\/","https:\/\/www.youtube.com\/channel\/UCQXYIic6hQtJxVh5mi0VQ-Q"]}]}},"_links":{"self":[{"href":"https:\/\/ratera.com\/en\/wp-json\/wp\/v2\/pages\/1432","targetHints":{"allow":["GET"]}}],"collection":[{"href":"https:\/\/ratera.com\/en\/wp-json\/wp\/v2\/pages"}],"about":[{"href":"https:\/\/ratera.com\/en\/wp-json\/wp\/v2\/types\/page"}],"author":[{"embeddable":true,"href":"https:\/\/ratera.com\/en\/wp-json\/wp\/v2\/users\/3"}],"replies":[{"embeddable":true,"href":"https:\/\/ratera.com\/en\/wp-json\/wp\/v2\/comments?post=1432"}],"version-history":[{"count":1,"href":"https:\/\/ratera.com\/en\/wp-json\/wp\/v2\/pages\/1432\/revisions"}],"predecessor-version":[{"id":9001,"href":"https:\/\/ratera.com\/en\/wp-json\/wp\/v2\/pages\/1432\/revisions\/9001"}],"up":[{"embeddable":true,"href":"https:\/\/ratera.com\/en\/wp-json\/wp\/v2\/pages\/6304"}],"wp:featuredmedia":[{"embeddable":true,"href":"https:\/\/ratera.com\/en\/wp-json\/wp\/v2\/media\/8590"}],"wp:attachment":[{"href":"https:\/\/ratera.com\/en\/wp-json\/wp\/v2\/media?parent=1432"}],"curies":[{"name":"wp","href":"https:\/\/api.w.org\/{rel}","templated":true}]}}